{"id":3262,"date":"2025-06-09T17:55:17","date_gmt":"2025-06-09T17:55:17","guid":{"rendered":"https:\/\/www.prochoice.com.tr\/?page_id=3262"},"modified":"2025-06-09T17:55:17","modified_gmt":"2025-06-09T17:55:17","slug":"cerezler-hakkinda","status":"publish","type":"page","link":"https:\/\/www.prochoice.com.tr\/?page_id=3262","title":{"rendered":"\u00c7erezler Hakk\u0131nda"},"content":{"rendered":"<div class=\"fusion-fullwidth fullwidth-box fusion-builder-row-1 fusion-flex-container nonhundred-percent-fullwidth non-hundred-percent-height-scrolling\" style=\"--awb-border-radius-top-left:0px;--awb-border-radius-top-right:0px;--awb-border-radius-bottom-right:0px;--awb-border-radius-bottom-left:0px;--awb-flex-wrap:wrap;\" ><div class=\"fusion-builder-row fusion-row fusion-flex-align-items-flex-start fusion-flex-content-wrap\" style=\"max-width:1419.6px;margin-left: calc(-4% \/ 2 );margin-right: calc(-4% \/ 2 );\"><div class=\"fusion-layout-column fusion_builder_column fusion-builder-column-0 fusion_builder_column_1_1 1_1 fusion-flex-column\" style=\"--awb-bg-size:cover;--awb-width-large:100%;--awb-margin-top-large:0px;--awb-spacing-right-large:1.92%;--awb-margin-bottom-large:0px;--awb-spacing-left-large:1.92%;--awb-width-medium:100%;--awb-spacing-right-medium:1.92%;--awb-spacing-left-medium:1.92%;--awb-width-small:100%;--awb-spacing-right-small:1.92%;--awb-spacing-left-small:1.92%;\"><div class=\"fusion-column-wrapper fusion-flex-justify-content-flex-start fusion-content-layout-column\"><div class=\"fusion-text fusion-text-1\"><p data-start=\"300\" data-end=\"371\"><strong data-start=\"300\" data-end=\"328\">\u00c7erez (Cookie) Bildirimi<\/strong><br data-start=\"328\" data-end=\"331\" \/><strong data-start=\"331\" data-end=\"371\">Son g\u00fcncelleme tarihi: 27 May\u0131s 2025<\/strong><\/p>\n<p data-start=\"373\" data-end=\"503\">Bu Sitede, kullan\u0131c\u0131 deneyimini geli\u015ftirmek ve internet sitesinin verimli \u00e7al\u0131\u015fmas\u0131n\u0131 sa\u011flamak amac\u0131yla \u00e7erezler kullan\u0131lmaktad\u0131r.<\/p>\n<p data-start=\"505\" data-end=\"675\">\u00c7erez Bildirimi, Gizlilik Bildiriminin bir par\u00e7as\u0131d\u0131r. <strong data-start=\"560\" data-end=\"573\">Prochoice<\/strong> ve ziyaret\u00e7i bilgilerinin korunmas\u0131yla ilgili daha detayl\u0131 bilgi i\u00e7in Gizlilik Bildirimimize bak\u0131n\u0131z.<\/p>\n<p data-start=\"677\" data-end=\"1445\">Size ihtiya\u00e7lar\u0131n\u0131z do\u011frultusunda ve \u00f6zelle\u015ftirilmi\u015f hizmetler sunabilmemiz i\u00e7in, bu internet sitesinin kullan\u0131m\u0131na ili\u015fkin bilgilerinizin hat\u0131rlanmas\u0131 ve bu bilgilerinizin kaydedilmesi gerekmektedir. T\u00fcm bu i\u015flemler k\u00fc\u00e7\u00fck metin dosyalar\u0131 olarak nitelendirilen \u00c7erezler arac\u0131l\u0131\u011f\u0131yla ger\u00e7ekle\u015ftirilmektedir. Bu internet sitesindeki \u00c7erezler az miktardaki bilgileri depolayarak, Server arac\u0131l\u0131\u011f\u0131yla bilgisayar\u0131n\u0131za ya da di\u011fer ayg\u0131tlara y\u00fcklenir. Bu internet sitesini her ziyaret etti\u011finizde, internet taray\u0131c\u0131n\u0131z \u00e7erezleri bu internet sitesine g\u00f6nderir; b\u00f6ylece internet sitesi sizi tan\u0131r ve kullan\u0131c\u0131 tercihleri gibi bilgilerinizi hat\u0131rlar. \u00c7erezlerle ve nas\u0131l \u00e7al\u0131\u015ft\u0131klar\u0131yla ilgili daha detayl\u0131 bilgi i\u00e7in <a class=\"\" href=\"http:\/\/www.aboutcookies.org\/\" target=\"_new\" rel=\"noopener\" data-start=\"1385\" data-end=\"1413\">http:\/\/www.aboutcookies.org\/<\/a> sitesini ziyaret edebilirsiniz.<\/p>\n<p data-start=\"1447\" data-end=\"1823\">Bu internet sitesini her kulland\u0131\u011f\u0131n\u0131zda, \u00e7erezler ve di\u011fer teknolojiler arac\u0131l\u0131\u011f\u0131yla bilgi toplanabilir. Bu internet sitesini kullanarak, \u00c7erez Bildiriminde a\u00e7\u0131klanan \u00e7erez kullan\u0131m\u0131n\u0131, ayr\u0131ca deloitte.com b\u00fcnyesinde ziyaret edebilece\u011finiz \u00fclke, b\u00f6lge ya da hizmet bazl\u0131 di\u011fer internet sitelerindeki \u00e7erez bildirimlerinde a\u00e7\u0131klanan \u00e7erez kullan\u0131m\u0131n\u0131 da kabul etmi\u015f olursunuz.<\/p>\n<h3 data-start=\"1825\" data-end=\"1866\">Kullan\u0131lan \u00e7erez t\u00fcrleri ve nedenleri<\/h3>\n<p data-start=\"1868\" data-end=\"2058\">Kullan\u0131lan baz\u0131 \u00e7erezler, internet sitemizi kullanabilmeniz ve kay\u0131tl\u0131 kullan\u0131c\u0131lar i\u00e7in sunulan g\u00fcvenli i\u00e7eriklere eri\u015fim sa\u011flamak gibi baz\u0131 \u00f6zelliklerden faydalanabilmeniz i\u00e7in gereklidir.<\/p>\n<p data-start=\"2060\" data-end=\"2332\">\u0130nternet sitesini kullan\u0131rken yapt\u0131\u011f\u0131n\u0131z dil ya da b\u00f6lge se\u00e7imi gibi tercihleri ve bilgileri kaydedebilmek ve size daha uygun hizmet sunabilmek i\u00e7in Fonksiyonel \u00c7erezler kullan\u0131lmaktad\u0131r. Bu bilgiler genellikle isimsiz olup, ba\u015fka ama\u00e7lar do\u011frultusunda kullan\u0131lmamaktad\u0131r.<\/p>\n<p data-start=\"2334\" data-end=\"3084\">\u0130\u00e7eri\u011fimizin verimlili\u011fini ve kullan\u0131c\u0131lar\u0131m\u0131z\u0131n ilgi alanlar\u0131n\u0131 anlayabilmek ve Sitemizin i\u015fleyi\u015fini geli\u015ftirebilmek i\u00e7in biz ya da hizmet sa\u011flay\u0131c\u0131lar\u0131m\u0131z analitik hizmetlerden de yararlamaktay\u0131z. Ayr\u0131ca, ziyaret\u00e7i say\u0131s\u0131n\u0131 \u00f6l\u00e7ebilmek i\u00e7in web i\u015faret\u00e7isi veya takip imleci kullan\u0131lmakta ve Sitedeki bireysel kullan\u0131c\u0131 say\u0131s\u0131n\u0131 ve kullan\u0131c\u0131lar\u0131n siteye eri\u015fim s\u0131kl\u0131\u011f\u0131n\u0131 g\u00f6zlemlemek i\u00e7in ise sitemizde Performans \u00c7erezleri kullan\u0131lmaktad\u0131r. Bu bilgiler sadece istatistiksel ama\u00e7larla kullan\u0131lmakta olup, kullan\u0131c\u0131lar\u0131n bireysel olarak tespit edilmesi amac\u0131yla kullan\u0131lmamaktad\u0131r. Ancak, Sitemize kay\u0131t olman\u0131z durumunda bu bilgiler Site kullan\u0131m\u0131n\u0131z\u0131 analiz edebilmek i\u00e7in web analitik hizmetlerinden gelen bilgilerle ve \u00e7erezlerle birle\u015ftirilebilir.<\/p>\n<p data-start=\"3086\" data-end=\"3185\">Bu internet sitesinde, kullan\u0131c\u0131lara belirli reklamlar\u0131 ileten Reklam \u00c7erezleri kullan\u0131lmamaktad\u0131r.<\/p>\n<p data-start=\"3187\" data-end=\"3256\">Kullan\u0131lan \u00e7erezler ile ilgili daha ayr\u0131nt\u0131l\u0131 bilgi i\u00e7in bize ula\u015f\u0131n.<\/p>\n<h3 data-start=\"3258\" data-end=\"3292\">\u00c7erezler nas\u0131l kontrol edilir?<\/h3>\n<p data-start=\"3294\" data-end=\"3715\">Bu internet sitesine eri\u015fim sa\u011flayarak bilgisayar\u0131n\u0131za ya da yukar\u0131da a\u00e7\u0131klanan ayg\u0131tlara \u00e7erezler yerle\u015ftirilebilece\u011fini kabul etmi\u015f bulunmaktas\u0131n\u0131z. Ancak, \u00e7erezleri \u00e7e\u015fitli \u015fekillerde kontrol edebilir ve d\u00fczenleyebilirsiniz. \u00c7erezleri kald\u0131rman\u0131z ya da engellemeniz halinde, bunun internet sitesi kullan\u0131m\u0131n\u0131z\u0131 etkileyebilece\u011fini ve internet sitesindeki baz\u0131 k\u0131s\u0131mlara eri\u015fimde s\u0131k\u0131nt\u0131 ya\u015fayabilece\u011finizi hat\u0131rlat\u0131r\u0131z.<\/p>\n<h4 data-start=\"3717\" data-end=\"3739\">Taray\u0131c\u0131 kontrol\u00fc<\/h4>\n<p data-start=\"3741\" data-end=\"4286\">\u00c7o\u011fu taray\u0131c\u0131lar, bilgisayar\u0131n\u0131zdaki \u00e7erezleri g\u00f6rme, \u00e7erezleri birer birer silme ya da belirli internet sitelerinden veya t\u00fcm internet sitelerinden gelen \u00e7erezleri engelleme imkan\u0131 sa\u011flar. \u00c7erezlerin tamam\u0131n\u0131 silmeniz halinde, yapt\u0131\u011f\u0131n\u0131z t\u00fcm tercihlerin \u2013 ki buna \u00e7erezlerden yararlanma se\u00e7ene\u011fi de dahildir \u2013 silinece\u011fini hat\u0131rlat\u0131r\u0131z. Taray\u0131c\u0131 ayarlar\u0131n\u0131 de\u011fi\u015ftirerek \u00e7erezleri nas\u0131l filtreleyece\u011finiz veya engelleyece\u011finizle ilgili daha detayl\u0131 bilgi i\u00e7in <a class=\"\" href=\"http:\/\/www.aboutcookies.org\/\" target=\"_new\" rel=\"noopener\" data-start=\"4201\" data-end=\"4229\">http:\/\/www.aboutcookies.org\/<\/a> ya da <a class=\"\" href=\"http:\/\/www.cookiecentral.com\/faq\/\" target=\"_new\" rel=\"noopener\" data-start=\"4236\" data-end=\"4269\">http:\/\/www.cookiecentral.com\/faq\/<\/a> linkine bak\u0131n\u0131z.<\/p>\n<h4 data-start=\"4288\" data-end=\"4316\">Analitik \u00c7erez Ayarlar\u0131<\/h4>\n<p data-start=\"4318\" data-end=\"4593\">Ayarlar\u0131n\u0131z\u0131 de\u011fi\u015ftirerek internet sitelerindeki isimsiz arama faaliyetlerinizin analitik \u00e7erezler taraf\u0131ndan kaydedilmesini engelleyebilirsiniz. Gizlilik politikalar\u0131 ve \u00e7erez ayarlar\u0131 ile ilgili daha detayl\u0131 bilgi i\u00e7in a\u015fa\u011f\u0131daki hizmet sa\u011flay\u0131c\u0131 linklere t\u0131klayabilirsiniz:<\/p>\n<ul data-start=\"4595\" data-end=\"4720\">\n<li data-start=\"4595\" data-end=\"4647\">\n<p data-start=\"4597\" data-end=\"4647\">Adobe: <a class=\"\" href=\"http:\/\/www.adobe.com\/privacy\/opt-out.html\" target=\"_new\" rel=\"noopener\" data-start=\"4604\" data-end=\"4645\">http:\/\/www.adobe.com\/privacy\/opt-out.html<\/a><\/p>\n<\/li>\n<li data-start=\"4648\" data-end=\"4720\">\n<p data-start=\"4650\" data-end=\"4720\">Google Analytics: <a class=\"\" href=\"http:\/\/www.google.com\/analytics\/learn\/privacy.html\" target=\"_new\" rel=\"noopener\" data-start=\"4668\" data-end=\"4718\">http:\/\/www.google.com\/analytics\/learn\/privacy.html<\/a><\/p>\n<\/li>\n<\/ul>\n<h4 data-start=\"4722\" data-end=\"4782\">Yerel Payla\u015f\u0131ml\u0131 Nesne (LSOs) veya Flash \u00c7erez Ayarlar\u0131<\/h4>\n<p data-start=\"4784\" data-end=\"5420\">Yerel payla\u015f\u0131ml\u0131 nesne ya da flash \u00e7erezler t\u00fcm di\u011fer \u00e7erezler gibidir ancak bunlar ayr\u0131ca ba\u015fka bilgi t\u00fcrlerini de kaydedebilir. Bu \u00e7erezlerin ayarlanmas\u0131nda yukar\u0131da belirtilen de\u011fi\u015fiklikler yap\u0131lamaz. Bu internet sitesinin baz\u0131 k\u0131s\u0131mlar\u0131nda media player \u00f6zellikleri ile ilgili kullan\u0131c\u0131 tercihlerini kaydetmek i\u00e7in bu t\u00fcr \u00e7erezler kullan\u0131lm\u0131\u015ft\u0131r. Baz\u0131 videolar\u0131n d\u00fczg\u00fcn \u015fekilde \u00e7al\u0131\u015fmas\u0131 i\u00e7in de bu \u00e7erezlerin kullan\u0131lmas\u0131 zorunludur. Bu \u00e7erezlerle ilgili d\u00fczenlemeleri, Adobe internet sitesini ziyaret ederek manuel olarak yapabilirsiniz:<br data-start=\"5326\" data-end=\"5329\" \/><a class=\"\" href=\"http:\/\/www.macromedia.com\/support\/documentation\/en\/flashplayer\/help\/settings_manager07.html\" target=\"_new\" rel=\"noopener\" data-start=\"5329\" data-end=\"5420\">http:\/\/www.macromedia.com\/support\/documentation\/en\/flashplayer\/help\/settings_manager07.html<\/a><\/p>\n<h4 data-start=\"5422\" data-end=\"5440\">Sosyal tu\u015flar<\/h4>\n<p data-start=\"5442\" data-end=\"5978\">Kullan\u0131c\u0131lar\u0131n internet sayfalar\u0131n\u0131 payla\u015fmas\u0131 ya da i\u015faretlemesi i\u00e7in \u201csosyal tu\u015flar\u201d kullan\u0131lmaktad\u0131r. Bunlar \u00fc\u00e7\u00fcnc\u00fc parti sosyal medya siteleri i\u00e7in koyulmu\u015f tu\u015flard\u0131r ve bu sosyal medya internet siteleri, bu internet sitesi de dahil olmak \u00fczere, internetteki aktivitelerinizle ilgili bilgileri kaydedebilir. Bu internet sitelerinin sizinle ilgili bilgileri nas\u0131l kulland\u0131\u011f\u0131n\u0131, bunu nas\u0131l engelleyece\u011finizi ya da bilgileri nas\u0131l silece\u011finizi \u00f6\u011frenmek i\u00e7in ilgili sitelerin kullan\u0131m kurallar\u0131n\u0131 ve gizlilik politikalar\u0131n\u0131 inceleyiniz.<\/p>\n<h4 data-start=\"5980\" data-end=\"6012\">D\u0131\u015f kaynakl\u0131 web hizmetleri<\/h4>\n<p data-start=\"6014\" data-end=\"6370\">Bu internet sitesinde yer alan sayfa i\u00e7eriklerinde baz\u0131 durumlarda d\u0131\u015f kaynakl\u0131 web hizmetlerinden yararlan\u0131lmaktad\u0131r. (\u00d6r: resimlerin ve videolar\u0131n g\u00f6r\u00fcnt\u00fclenmesi ya da anket yap\u0131lmas\u0131 gibi). Sosyal tu\u015flarda oldu\u011fu gibi, bu sitelerin ya da d\u0131\u015f kaynakl\u0131 \u00e7al\u0131\u015fma alanlar\u0131n\u0131n sizin kulland\u0131\u011f\u0131n\u0131z i\u00e7eri\u011fe ait bilgileri toplamas\u0131\/saklamas\u0131 engellenememektedir.<\/p>\n<h4 data-start=\"6372\" data-end=\"6394\">E-posta \u0130leti\u015fimi<\/h4>\n<p data-start=\"6396\" data-end=\"6984\">Size g\u00f6nderdi\u011fimiz baz\u0131 e-postalarla ilgili okundu, a\u00e7\u0131ld\u0131 ya da ba\u015fkas\u0131na iletildi bilgilerine ula\u015farak, ileti\u015fimimizi daha ilgi \u00e7ekici ve i\u015flevsel hale getirebilmek i\u00e7in takip teknolojileri kullanabiliyoruz. G\u00f6nderdi\u011fimiz e-postalarda takip \u00f6zelli\u011fini kald\u0131ramad\u0131\u011f\u0131m\u0131zdan, size g\u00f6nderilen i\u00e7eri\u011fin okundu\u011fu, a\u00e7\u0131ld\u0131\u011f\u0131 ya da ba\u015fkas\u0131na iletildi\u011fi bilgisine ula\u015fmam\u0131z\u0131 istemiyorsan\u0131z, kayd\u0131n\u0131z\u0131 silmeniz gerekmektedir. \u201cBize Ula\u015f\u0131n\u201d b\u00f6l\u00fcm\u00fcnden her zaman ileti\u015fim tercihlerinizi g\u00fcncelleyebilir ya da bizden ald\u0131\u011f\u0131n\u0131z e-postalardaki talimatlar\u0131 uygulayarak, \u00fcyeli\u011finizi sonland\u0131rabilirsiniz.<\/p>\n<p data-start=\"6986\" data-end=\"7382\"><strong data-start=\"6986\" data-end=\"6999\">Prochoice<\/strong>, gerekli oldu\u011fu hallerde, bu \u00c7erez Bildirimini de\u011fi\u015ftirebilir. Bildirimin de\u011fi\u015ftirildi\u011fi hallerde sayfan\u0131n \u00fcst k\u0131sm\u0131ndaki g\u00fcncelleme tarihi taraf\u0131m\u0131zdan de\u011fi\u015ftirilerek, g\u00fcncellenen ya da de\u011fi\u015ftirilen \u00c7erez Bildirimi belirtilen tarihten itibaren ge\u00e7erli olacakt\u0131r. \u00c7erez (Cookie) Bildirimini belirli zamanlarda inceleyerek, \u00e7erez kullan\u0131m\u0131 ile ilgili bilgi edinmenizi tavsiye ederiz.<\/p>\n<p><!-- \/wp:post-content --><\/p>\n<p><!-- \/wp:paragraph --><\/p>\n<\/div><\/div><\/div><\/div><\/div><!-- \/wp:freeform -->","protected":false},"excerpt":{"rendered":"","protected":false},"author":1,"featured_media":0,"parent":0,"menu_order":0,"comment_status":"closed","ping_status":"closed","template":"","meta":{"_acf_changed":false,"footnotes":""},"class_list":["post-3262","page","type-page","status-publish","hentry"],"acf":[],"yoast_head":"<!-- This site is optimized with the Yoast SEO plugin v27.3 - https:\/\/yoast.com\/product\/yoast-seo-wordpress\/ -->\n<title>\u00c7erezler Hakk\u0131nda - Prochoice<\/title>\n<meta name=\"robots\" content=\"index, follow, max-snippet:-1, max-image-preview:large, max-video-preview:-1\" \/>\n<link rel=\"canonical\" href=\"https:\/\/www.prochoice.com.tr\/?page_id=3262\" \/>\n<meta property=\"og:locale\" content=\"tr_TR\" \/>\n<meta property=\"og:type\" content=\"article\" \/>\n<meta property=\"og:title\" content=\"\u00c7erezler Hakk\u0131nda - Prochoice\" \/>\n<meta property=\"og:url\" content=\"https:\/\/www.prochoice.com.tr\/?page_id=3262\" \/>\n<meta property=\"og:site_name\" content=\"Prochoice\" \/>\n<meta property=\"article:publisher\" content=\"https:\/\/www.facebook.com\/prochoicepetfood\/\" \/>\n<meta name=\"twitter:card\" content=\"summary_large_image\" \/>\n<meta name=\"twitter:label1\" content=\"Tahmini okuma s\u00fcresi\" \/>\n\t<meta name=\"twitter:data1\" content=\"7 dakika\" \/>\n<script type=\"application\/ld+json\" class=\"yoast-schema-graph\">{\"@context\":\"https:\\\/\\\/schema.org\",\"@graph\":[{\"@type\":\"WebPage\",\"@id\":\"https:\\\/\\\/www.prochoice.com.tr\\\/?page_id=3262\",\"url\":\"https:\\\/\\\/www.prochoice.com.tr\\\/?page_id=3262\",\"name\":\"\u00c7erezler Hakk\u0131nda - Prochoice\",\"isPartOf\":{\"@id\":\"https:\\\/\\\/www.prochoice.com.tr\\\/#website\"},\"datePublished\":\"2025-06-09T17:55:17+00:00\",\"breadcrumb\":{\"@id\":\"https:\\\/\\\/www.prochoice.com.tr\\\/?page_id=3262#breadcrumb\"},\"inLanguage\":\"tr\",\"potentialAction\":[{\"@type\":\"ReadAction\",\"target\":[\"https:\\\/\\\/www.prochoice.com.tr\\\/?page_id=3262\"]}]},{\"@type\":\"BreadcrumbList\",\"@id\":\"https:\\\/\\\/www.prochoice.com.tr\\\/?page_id=3262#breadcrumb\",\"itemListElement\":[{\"@type\":\"ListItem\",\"position\":1,\"name\":\"Anasayfa\",\"item\":\"https:\\\/\\\/www.prochoice.com.tr\\\/\"},{\"@type\":\"ListItem\",\"position\":2,\"name\":\"\u00c7erezler Hakk\u0131nda\"}]},{\"@type\":\"WebSite\",\"@id\":\"https:\\\/\\\/www.prochoice.com.tr\\\/#website\",\"url\":\"https:\\\/\\\/www.prochoice.com.tr\\\/\",\"name\":\"Prochoice - Professional's Choice\",\"description\":\"Professional's Choice\",\"publisher\":{\"@id\":\"https:\\\/\\\/www.prochoice.com.tr\\\/#organization\"},\"potentialAction\":[{\"@type\":\"SearchAction\",\"target\":{\"@type\":\"EntryPoint\",\"urlTemplate\":\"https:\\\/\\\/www.prochoice.com.tr\\\/?s={search_term_string}\"},\"query-input\":{\"@type\":\"PropertyValueSpecification\",\"valueRequired\":true,\"valueName\":\"search_term_string\"}}],\"inLanguage\":\"tr\"},{\"@type\":\"Organization\",\"@id\":\"https:\\\/\\\/www.prochoice.com.tr\\\/#organization\",\"name\":\"Prochoice\",\"url\":\"https:\\\/\\\/www.prochoice.com.tr\\\/\",\"logo\":{\"@type\":\"ImageObject\",\"inLanguage\":\"tr\",\"@id\":\"https:\\\/\\\/www.prochoice.com.tr\\\/#\\\/schema\\\/logo\\\/image\\\/\",\"url\":\"https:\\\/\\\/www.prochoice.com.tr\\\/wp-content\\\/uploads\\\/2025\\\/07\\\/prochoice-logo-25.png\",\"contentUrl\":\"https:\\\/\\\/www.prochoice.com.tr\\\/wp-content\\\/uploads\\\/2025\\\/07\\\/prochoice-logo-25.png\",\"width\":201,\"height\":50,\"caption\":\"Prochoice\"},\"image\":{\"@id\":\"https:\\\/\\\/www.prochoice.com.tr\\\/#\\\/schema\\\/logo\\\/image\\\/\"},\"sameAs\":[\"https:\\\/\\\/www.facebook.com\\\/prochoicepetfood\\\/\",\"https:\\\/\\\/www.instagram.com\\\/prochoicepetfood\\\/\"]}]}<\/script>\n<!-- \/ Yoast SEO plugin. -->","yoast_head_json":{"title":"\u00c7erezler Hakk\u0131nda - Prochoice","robots":{"index":"index","follow":"follow","max-snippet":"max-snippet:-1","max-image-preview":"max-image-preview:large","max-video-preview":"max-video-preview:-1"},"canonical":"https:\/\/www.prochoice.com.tr\/?page_id=3262","og_locale":"tr_TR","og_type":"article","og_title":"\u00c7erezler Hakk\u0131nda - Prochoice","og_url":"https:\/\/www.prochoice.com.tr\/?page_id=3262","og_site_name":"Prochoice","article_publisher":"https:\/\/www.facebook.com\/prochoicepetfood\/","twitter_card":"summary_large_image","twitter_misc":{"Tahmini okuma s\u00fcresi":"7 dakika"},"schema":{"@context":"https:\/\/schema.org","@graph":[{"@type":"WebPage","@id":"https:\/\/www.prochoice.com.tr\/?page_id=3262","url":"https:\/\/www.prochoice.com.tr\/?page_id=3262","name":"\u00c7erezler Hakk\u0131nda - Prochoice","isPartOf":{"@id":"https:\/\/www.prochoice.com.tr\/#website"},"datePublished":"2025-06-09T17:55:17+00:00","breadcrumb":{"@id":"https:\/\/www.prochoice.com.tr\/?page_id=3262#breadcrumb"},"inLanguage":"tr","potentialAction":[{"@type":"ReadAction","target":["https:\/\/www.prochoice.com.tr\/?page_id=3262"]}]},{"@type":"BreadcrumbList","@id":"https:\/\/www.prochoice.com.tr\/?page_id=3262#breadcrumb","itemListElement":[{"@type":"ListItem","position":1,"name":"Anasayfa","item":"https:\/\/www.prochoice.com.tr\/"},{"@type":"ListItem","position":2,"name":"\u00c7erezler Hakk\u0131nda"}]},{"@type":"WebSite","@id":"https:\/\/www.prochoice.com.tr\/#website","url":"https:\/\/www.prochoice.com.tr\/","name":"Prochoice - Professional's Choice","description":"Professional's Choice","publisher":{"@id":"https:\/\/www.prochoice.com.tr\/#organization"},"potentialAction":[{"@type":"SearchAction","target":{"@type":"EntryPoint","urlTemplate":"https:\/\/www.prochoice.com.tr\/?s={search_term_string}"},"query-input":{"@type":"PropertyValueSpecification","valueRequired":true,"valueName":"search_term_string"}}],"inLanguage":"tr"},{"@type":"Organization","@id":"https:\/\/www.prochoice.com.tr\/#organization","name":"Prochoice","url":"https:\/\/www.prochoice.com.tr\/","logo":{"@type":"ImageObject","inLanguage":"tr","@id":"https:\/\/www.prochoice.com.tr\/#\/schema\/logo\/image\/","url":"https:\/\/www.prochoice.com.tr\/wp-content\/uploads\/2025\/07\/prochoice-logo-25.png","contentUrl":"https:\/\/www.prochoice.com.tr\/wp-content\/uploads\/2025\/07\/prochoice-logo-25.png","width":201,"height":50,"caption":"Prochoice"},"image":{"@id":"https:\/\/www.prochoice.com.tr\/#\/schema\/logo\/image\/"},"sameAs":["https:\/\/www.facebook.com\/prochoicepetfood\/","https:\/\/www.instagram.com\/prochoicepetfood\/"]}]}},"_links":{"self":[{"href":"https:\/\/www.prochoice.com.tr\/index.php?rest_route=\/wp\/v2\/pages\/3262","targetHints":{"allow":["GET"]}}],"collection":[{"href":"https:\/\/www.prochoice.com.tr\/index.php?rest_route=\/wp\/v2\/pages"}],"about":[{"href":"https:\/\/www.prochoice.com.tr\/index.php?rest_route=\/wp\/v2\/types\/page"}],"author":[{"embeddable":true,"href":"https:\/\/www.prochoice.com.tr\/index.php?rest_route=\/wp\/v2\/users\/1"}],"replies":[{"embeddable":true,"href":"https:\/\/www.prochoice.com.tr\/index.php?rest_route=%2Fwp%2Fv2%2Fcomments&post=3262"}],"version-history":[{"count":2,"href":"https:\/\/www.prochoice.com.tr\/index.php?rest_route=\/wp\/v2\/pages\/3262\/revisions"}],"predecessor-version":[{"id":3264,"href":"https:\/\/www.prochoice.com.tr\/index.php?rest_route=\/wp\/v2\/pages\/3262\/revisions\/3264"}],"wp:attachment":[{"href":"https:\/\/www.prochoice.com.tr\/index.php?rest_route=%2Fwp%2Fv2%2Fmedia&parent=3262"}],"curies":[{"name":"wp","href":"https:\/\/api.w.org\/{rel}","templated":true}]}}