{"id":3265,"date":"2025-06-09T17:58:11","date_gmt":"2025-06-09T17:58:11","guid":{"rendered":"https:\/\/www.prochoice.com.tr\/?page_id=3265"},"modified":"2025-06-09T17:58:11","modified_gmt":"2025-06-09T17:58:11","slug":"kullanim-kosullari","status":"publish","type":"page","link":"https:\/\/www.prochoice.com.tr\/?page_id=3265","title":{"rendered":"Kullan\u0131m Ko\u015fullar\u0131"},"content":{"rendered":"<div class=\"fusion-fullwidth fullwidth-box fusion-builder-row-1 fusion-flex-container nonhundred-percent-fullwidth non-hundred-percent-height-scrolling\" style=\"--awb-border-radius-top-left:0px;--awb-border-radius-top-right:0px;--awb-border-radius-bottom-right:0px;--awb-border-radius-bottom-left:0px;--awb-flex-wrap:wrap;\" ><div class=\"fusion-builder-row fusion-row fusion-flex-align-items-flex-start fusion-flex-content-wrap\" style=\"max-width:1419.6px;margin-left: calc(-4% \/ 2 );margin-right: calc(-4% \/ 2 );\"><div class=\"fusion-layout-column fusion_builder_column fusion-builder-column-0 fusion_builder_column_1_1 1_1 fusion-flex-column\" style=\"--awb-bg-size:cover;--awb-width-large:100%;--awb-margin-top-large:0px;--awb-spacing-right-large:1.92%;--awb-margin-bottom-large:0px;--awb-spacing-left-large:1.92%;--awb-width-medium:100%;--awb-spacing-right-medium:1.92%;--awb-spacing-left-medium:1.92%;--awb-width-small:100%;--awb-spacing-right-small:1.92%;--awb-spacing-left-small:1.92%;\"><div class=\"fusion-column-wrapper fusion-flex-justify-content-flex-start fusion-content-layout-column\"><div class=\"fusion-text fusion-text-1\"><h2 data-start=\"2503\" data-end=\"2533\">\ud83d\udccc <strong data-start=\"2509\" data-end=\"2531\">Kullan\u0131m Ko\u015fullar\u0131<\/strong><\/h2>\n<p data-start=\"2534\" data-end=\"2569\"><strong data-start=\"2534\" data-end=\"2569\">Son G\u00fcncelleme: [27.05.2025]<\/strong><\/p>\n<p data-start=\"2571\" data-end=\"2744\">Bu web sitesini ziyaret eden t\u00fcm kullan\u0131c\u0131lar a\u015fa\u011f\u0131daki ko\u015fullar\u0131 okumu\u015f, anlam\u0131\u015f ve kabul etmi\u015f say\u0131l\u0131r. E\u011fer bu \u015fartlar\u0131 kabul etmiyorsan\u0131z, l\u00fctfen sitemizi kullanmay\u0131n\u0131z.<\/p>\n<h3 data-start=\"2746\" data-end=\"2775\">1. Web Sitesi Kullan\u0131m\u0131<\/h3>\n<p data-start=\"2776\" data-end=\"2958\">Web sitemiz yaln\u0131zca hukuka uygun ve d\u00fcr\u00fcst ama\u00e7larla kullan\u0131labilir. Kullan\u0131c\u0131lar, web sitesini kullan\u0131rken yasalara, genel ahlaka ve kamu d\u00fczenine uygun hareket etmekle y\u00fck\u00fcml\u00fcd\u00fcr.<\/p>\n<h3 data-start=\"2960\" data-end=\"2991\">2. Fikri M\u00fclkiyet Haklar\u0131<\/h3>\n<p data-start=\"2992\" data-end=\"3246\">Bu sitede yer alan t\u00fcm i\u00e7erikler (metin, g\u00f6rsel, grafik, logo, yaz\u0131l\u0131m vs.) <strong data-start=\"3068\" data-end=\"3081\">Prochoice<\/strong>\u2019nin m\u00fclkiyetindedir veya lisans yoluyla kullan\u0131lmaktad\u0131r. \u0130zinsiz kopyalanamaz, \u00e7o\u011falt\u0131lamaz, da\u011f\u0131t\u0131lamaz veya ba\u015fka bir dijital ya da fiziksel ortamda kullan\u0131lamaz.<\/p>\n<h3 data-start=\"3248\" data-end=\"3281\">3. Kullan\u0131c\u0131 Y\u00fck\u00fcml\u00fcl\u00fckleri<\/h3>\n<ul data-start=\"3282\" data-end=\"3481\">\n<li data-start=\"3282\" data-end=\"3346\">\n<p data-start=\"3284\" data-end=\"3346\">Web sitesine zarar verecek herhangi bir giri\u015fimde bulunmamak<\/p>\n<\/li>\n<li data-start=\"3347\" data-end=\"3402\">\n<p data-start=\"3349\" data-end=\"3402\">Vir\u00fcs, zararl\u0131 yaz\u0131l\u0131m veya spam g\u00f6nderimi yapmamak<\/p>\n<\/li>\n<li data-start=\"3403\" data-end=\"3481\">\n<p data-start=\"3405\" data-end=\"3481\">Di\u011fer kullan\u0131c\u0131lar\u0131n haklar\u0131na, gizlili\u011fine ve g\u00fcvenli\u011fine sayg\u0131 g\u00f6stermek<\/p>\n<\/li>\n<\/ul>\n<h3 data-start=\"3483\" data-end=\"3507\">4. D\u0131\u015f Ba\u011flant\u0131lar<\/h3>\n<p data-start=\"3508\" data-end=\"3740\">Sitemiz \u00fczerinden \u00fc\u00e7\u00fcnc\u00fc taraf sitelere y\u00f6nlendiren ba\u011flant\u0131lar bulunabilir. Bu sitelerin i\u00e7eri\u011fi ve g\u00fcvenli\u011fiyle ilgili herhangi bir sorumlulu\u011fumuz bulunmamaktad\u0131r. Bu t\u00fcr ba\u011flant\u0131lar\u0131 kullanmak tamamen kullan\u0131c\u0131 sorumlulu\u011fundad\u0131r.<\/p>\n<h3 data-start=\"3742\" data-end=\"3781\">5. Sorumlulu\u011fun S\u0131n\u0131rland\u0131r\u0131lmas\u0131<\/h3>\n<p data-start=\"3782\" data-end=\"4087\"><strong data-start=\"4115\" data-end=\"4128\">Prochoice<\/strong>, web sitesinde sunulan i\u00e7eriklerin do\u011frulu\u011fu ve g\u00fcncelli\u011fi konusunda azami \u00f6zeni g\u00f6sterse de, i\u00e7eriklerde olu\u015fabilecek eksiklik veya hatalardan dolay\u0131 herhangi bir sorumluluk kabul etmez. Ayr\u0131ca, siteye eri\u015fim veya kullan\u0131mdan kaynakl\u0131 do\u011fabilecek zararlar konusunda da sorumluluk kabul edilmez.<\/p>\n<h3 data-start=\"4089\" data-end=\"4114\">6. De\u011fi\u015fiklik Hakk\u0131<\/h3>\n<p data-start=\"4115\" data-end=\"4269\"><strong data-start=\"4115\" data-end=\"4128\">Prochoice<\/strong>, i\u015fbu Kullan\u0131m Ko\u015fullar\u0131n\u0131 \u00f6nceden haber vermeksizin de\u011fi\u015ftirme hakk\u0131n\u0131 sakl\u0131 tutar. G\u00fcncellemeleri d\u00fczenli olarak kontrol etmeniz \u00f6nerilir.<\/p>\n<p><!-- \/wp:post-content --><\/p>\n<p><!-- \/wp:paragraph --><\/p>\n<p><!-- \/wp:paragraph --><\/p>\n<\/div><\/div><\/div><\/div><\/div><!-- \/wp:freeform -->","protected":false},"excerpt":{"rendered":"","protected":false},"author":1,"featured_media":0,"parent":0,"menu_order":0,"comment_status":"closed","ping_status":"closed","template":"","meta":{"_acf_changed":false,"footnotes":""},"class_list":["post-3265","page","type-page","status-publish","hentry"],"acf":[],"yoast_head":"<!-- This site is optimized with the Yoast SEO plugin v27.3 - https:\/\/yoast.com\/product\/yoast-seo-wordpress\/ -->\n<title>Kullan\u0131m Ko\u015fullar\u0131 - Prochoice<\/title>\n<meta name=\"robots\" content=\"index, follow, max-snippet:-1, max-image-preview:large, max-video-preview:-1\" \/>\n<link rel=\"canonical\" href=\"https:\/\/www.prochoice.com.tr\/?page_id=3265\" \/>\n<meta property=\"og:locale\" content=\"tr_TR\" \/>\n<meta property=\"og:type\" content=\"article\" \/>\n<meta property=\"og:title\" content=\"Kullan\u0131m Ko\u015fullar\u0131 - Prochoice\" \/>\n<meta property=\"og:url\" content=\"https:\/\/www.prochoice.com.tr\/?page_id=3265\" \/>\n<meta property=\"og:site_name\" content=\"Prochoice\" \/>\n<meta property=\"article:publisher\" content=\"https:\/\/www.facebook.com\/prochoicepetfood\/\" \/>\n<meta name=\"twitter:card\" content=\"summary_large_image\" \/>\n<meta name=\"twitter:label1\" content=\"Tahmini okuma s\u00fcresi\" \/>\n\t<meta name=\"twitter:data1\" content=\"3 dakika\" \/>\n<script type=\"application\/ld+json\" class=\"yoast-schema-graph\">{\"@context\":\"https:\\\/\\\/schema.org\",\"@graph\":[{\"@type\":\"WebPage\",\"@id\":\"https:\\\/\\\/www.prochoice.com.tr\\\/?page_id=3265\",\"url\":\"https:\\\/\\\/www.prochoice.com.tr\\\/?page_id=3265\",\"name\":\"Kullan\u0131m Ko\u015fullar\u0131 - Prochoice\",\"isPartOf\":{\"@id\":\"https:\\\/\\\/www.prochoice.com.tr\\\/#website\"},\"datePublished\":\"2025-06-09T17:58:11+00:00\",\"breadcrumb\":{\"@id\":\"https:\\\/\\\/www.prochoice.com.tr\\\/?page_id=3265#breadcrumb\"},\"inLanguage\":\"tr\",\"potentialAction\":[{\"@type\":\"ReadAction\",\"target\":[\"https:\\\/\\\/www.prochoice.com.tr\\\/?page_id=3265\"]}]},{\"@type\":\"BreadcrumbList\",\"@id\":\"https:\\\/\\\/www.prochoice.com.tr\\\/?page_id=3265#breadcrumb\",\"itemListElement\":[{\"@type\":\"ListItem\",\"position\":1,\"name\":\"Anasayfa\",\"item\":\"https:\\\/\\\/www.prochoice.com.tr\\\/\"},{\"@type\":\"ListItem\",\"position\":2,\"name\":\"Kullan\u0131m Ko\u015fullar\u0131\"}]},{\"@type\":\"WebSite\",\"@id\":\"https:\\\/\\\/www.prochoice.com.tr\\\/#website\",\"url\":\"https:\\\/\\\/www.prochoice.com.tr\\\/\",\"name\":\"Prochoice - Professional's Choice\",\"description\":\"Professional's Choice\",\"publisher\":{\"@id\":\"https:\\\/\\\/www.prochoice.com.tr\\\/#organization\"},\"potentialAction\":[{\"@type\":\"SearchAction\",\"target\":{\"@type\":\"EntryPoint\",\"urlTemplate\":\"https:\\\/\\\/www.prochoice.com.tr\\\/?s={search_term_string}\"},\"query-input\":{\"@type\":\"PropertyValueSpecification\",\"valueRequired\":true,\"valueName\":\"search_term_string\"}}],\"inLanguage\":\"tr\"},{\"@type\":\"Organization\",\"@id\":\"https:\\\/\\\/www.prochoice.com.tr\\\/#organization\",\"name\":\"Prochoice\",\"url\":\"https:\\\/\\\/www.prochoice.com.tr\\\/\",\"logo\":{\"@type\":\"ImageObject\",\"inLanguage\":\"tr\",\"@id\":\"https:\\\/\\\/www.prochoice.com.tr\\\/#\\\/schema\\\/logo\\\/image\\\/\",\"url\":\"https:\\\/\\\/www.prochoice.com.tr\\\/wp-content\\\/uploads\\\/2025\\\/07\\\/prochoice-logo-25.png\",\"contentUrl\":\"https:\\\/\\\/www.prochoice.com.tr\\\/wp-content\\\/uploads\\\/2025\\\/07\\\/prochoice-logo-25.png\",\"width\":201,\"height\":50,\"caption\":\"Prochoice\"},\"image\":{\"@id\":\"https:\\\/\\\/www.prochoice.com.tr\\\/#\\\/schema\\\/logo\\\/image\\\/\"},\"sameAs\":[\"https:\\\/\\\/www.facebook.com\\\/prochoicepetfood\\\/\",\"https:\\\/\\\/www.instagram.com\\\/prochoicepetfood\\\/\"]}]}<\/script>\n<!-- \/ Yoast SEO plugin. -->","yoast_head_json":{"title":"Kullan\u0131m Ko\u015fullar\u0131 - Prochoice","robots":{"index":"index","follow":"follow","max-snippet":"max-snippet:-1","max-image-preview":"max-image-preview:large","max-video-preview":"max-video-preview:-1"},"canonical":"https:\/\/www.prochoice.com.tr\/?page_id=3265","og_locale":"tr_TR","og_type":"article","og_title":"Kullan\u0131m Ko\u015fullar\u0131 - Prochoice","og_url":"https:\/\/www.prochoice.com.tr\/?page_id=3265","og_site_name":"Prochoice","article_publisher":"https:\/\/www.facebook.com\/prochoicepetfood\/","twitter_card":"summary_large_image","twitter_misc":{"Tahmini okuma s\u00fcresi":"3 dakika"},"schema":{"@context":"https:\/\/schema.org","@graph":[{"@type":"WebPage","@id":"https:\/\/www.prochoice.com.tr\/?page_id=3265","url":"https:\/\/www.prochoice.com.tr\/?page_id=3265","name":"Kullan\u0131m Ko\u015fullar\u0131 - Prochoice","isPartOf":{"@id":"https:\/\/www.prochoice.com.tr\/#website"},"datePublished":"2025-06-09T17:58:11+00:00","breadcrumb":{"@id":"https:\/\/www.prochoice.com.tr\/?page_id=3265#breadcrumb"},"inLanguage":"tr","potentialAction":[{"@type":"ReadAction","target":["https:\/\/www.prochoice.com.tr\/?page_id=3265"]}]},{"@type":"BreadcrumbList","@id":"https:\/\/www.prochoice.com.tr\/?page_id=3265#breadcrumb","itemListElement":[{"@type":"ListItem","position":1,"name":"Anasayfa","item":"https:\/\/www.prochoice.com.tr\/"},{"@type":"ListItem","position":2,"name":"Kullan\u0131m Ko\u015fullar\u0131"}]},{"@type":"WebSite","@id":"https:\/\/www.prochoice.com.tr\/#website","url":"https:\/\/www.prochoice.com.tr\/","name":"Prochoice - Professional's Choice","description":"Professional's Choice","publisher":{"@id":"https:\/\/www.prochoice.com.tr\/#organization"},"potentialAction":[{"@type":"SearchAction","target":{"@type":"EntryPoint","urlTemplate":"https:\/\/www.prochoice.com.tr\/?s={search_term_string}"},"query-input":{"@type":"PropertyValueSpecification","valueRequired":true,"valueName":"search_term_string"}}],"inLanguage":"tr"},{"@type":"Organization","@id":"https:\/\/www.prochoice.com.tr\/#organization","name":"Prochoice","url":"https:\/\/www.prochoice.com.tr\/","logo":{"@type":"ImageObject","inLanguage":"tr","@id":"https:\/\/www.prochoice.com.tr\/#\/schema\/logo\/image\/","url":"https:\/\/www.prochoice.com.tr\/wp-content\/uploads\/2025\/07\/prochoice-logo-25.png","contentUrl":"https:\/\/www.prochoice.com.tr\/wp-content\/uploads\/2025\/07\/prochoice-logo-25.png","width":201,"height":50,"caption":"Prochoice"},"image":{"@id":"https:\/\/www.prochoice.com.tr\/#\/schema\/logo\/image\/"},"sameAs":["https:\/\/www.facebook.com\/prochoicepetfood\/","https:\/\/www.instagram.com\/prochoicepetfood\/"]}]}},"_links":{"self":[{"href":"https:\/\/www.prochoice.com.tr\/index.php?rest_route=\/wp\/v2\/pages\/3265","targetHints":{"allow":["GET"]}}],"collection":[{"href":"https:\/\/www.prochoice.com.tr\/index.php?rest_route=\/wp\/v2\/pages"}],"about":[{"href":"https:\/\/www.prochoice.com.tr\/index.php?rest_route=\/wp\/v2\/types\/page"}],"author":[{"embeddable":true,"href":"https:\/\/www.prochoice.com.tr\/index.php?rest_route=\/wp\/v2\/users\/1"}],"replies":[{"embeddable":true,"href":"https:\/\/www.prochoice.com.tr\/index.php?rest_route=%2Fwp%2Fv2%2Fcomments&post=3265"}],"version-history":[{"count":2,"href":"https:\/\/www.prochoice.com.tr\/index.php?rest_route=\/wp\/v2\/pages\/3265\/revisions"}],"predecessor-version":[{"id":3267,"href":"https:\/\/www.prochoice.com.tr\/index.php?rest_route=\/wp\/v2\/pages\/3265\/revisions\/3267"}],"wp:attachment":[{"href":"https:\/\/www.prochoice.com.tr\/index.php?rest_route=%2Fwp%2Fv2%2Fmedia&parent=3265"}],"curies":[{"name":"wp","href":"https:\/\/api.w.org\/{rel}","templated":true}]}}