{"id":3268,"date":"2025-06-09T17:59:31","date_gmt":"2025-06-09T17:59:31","guid":{"rendered":"https:\/\/www.prochoice.com.tr\/?page_id=3268"},"modified":"2025-06-09T18:05:20","modified_gmt":"2025-06-09T18:05:20","slug":"kisisel-verilerin-korunmasi-kanunu","status":"publish","type":"page","link":"https:\/\/www.prochoice.com.tr\/?page_id=3268","title":{"rendered":"Ki\u015fisel Verilerin Korunmas\u0131 Kanunu"},"content":{"rendered":"<div class=\"fusion-fullwidth fullwidth-box fusion-builder-row-1 fusion-flex-container nonhundred-percent-fullwidth non-hundred-percent-height-scrolling\" style=\"--awb-border-radius-top-left:0px;--awb-border-radius-top-right:0px;--awb-border-radius-bottom-right:0px;--awb-border-radius-bottom-left:0px;--awb-flex-wrap:wrap;\" ><div class=\"fusion-builder-row fusion-row fusion-flex-align-items-flex-start fusion-flex-content-wrap\" style=\"max-width:1419.6px;margin-left: calc(-4% \/ 2 );margin-right: calc(-4% \/ 2 );\"><div class=\"fusion-layout-column fusion_builder_column fusion-builder-column-0 fusion_builder_column_1_1 1_1 fusion-flex-column\" style=\"--awb-bg-size:cover;--awb-width-large:100%;--awb-margin-top-large:0px;--awb-spacing-right-large:1.92%;--awb-margin-bottom-large:0px;--awb-spacing-left-large:1.92%;--awb-width-medium:100%;--awb-spacing-right-medium:1.92%;--awb-spacing-left-medium:1.92%;--awb-width-small:100%;--awb-spacing-right-small:1.92%;--awb-spacing-left-small:1.92%;\"><div class=\"fusion-column-wrapper fusion-flex-justify-content-flex-start fusion-content-layout-column\"><div class=\"fusion-text fusion-text-1\"><p data-start=\"170\" data-end=\"739\"><strong data-start=\"170\" data-end=\"201\">Ki\u015fisel verilerin korunmas\u0131<\/strong><\/p>\n<p data-start=\"170\" data-end=\"739\">Atlas Pet San. Tic. A.\u015e. (\u201cAtlas Pet\u201d) olarak ki\u015fisel verilerinizin g\u00fcvenli\u011fi hususuna azami hassasiyet g\u00f6stermekteyiz. Atlas Pet olarak \u00fcr\u00fcn ve hizmetlerimizden faydalanan ki\u015filer dahil, Atlas Pet ile ili\u015fkili t\u00fcm \u015fah\u0131slara ait her t\u00fcrl\u00fc ki\u015fisel verilerin 6698 say\u0131l\u0131 Ki\u015fisel Verilerin Korunmas\u0131 Kanunu\u2019na (\u201cKVKK\u201d) uygun olarak i\u015flenerek, muhafaza edilmesine \u00f6nem vermekteyiz. Bu sorumlulu\u011fumuzun tam bilinci ile KVKK uyar\u0131nca \u201cVeri Sorumlusu\u201d s\u0131fat\u0131yla, ki\u015fisel verilerinizi a\u015fa\u011f\u0131da yer alan kapsamda ve \u015fartlarda i\u015flemekteyiz.<\/p>\n<p data-start=\"741\" data-end=\"981\">Atlas Pet taraf\u0131ndan ki\u015fisel verilerinizin ne t\u00fcr y\u00f6ntemler arac\u0131l\u0131\u011f\u0131yla ve hangi ama\u00e7lar do\u011frultusunda i\u015flendi\u011fi ve sakland\u0131\u011f\u0131 hakk\u0131nda daha detayl\u0131 bilgi i\u00e7in Atlas Pet Gizlilik \u0130lkeleri ve \u00c7erezler Hakk\u0131nda Bildirim\u2019i inceleyebilirsiniz.<\/p>\n<p data-start=\"983\" data-end=\"1006\"><strong data-start=\"983\" data-end=\"1006\">Ki\u015fisel Veri Nedir?<\/strong><\/p>\n<p data-start=\"1008\" data-end=\"1318\">Ki\u015fisel veri, KVKK\u2019da kimli\u011fi belirli veya belirlenebilir ger\u00e7ek ki\u015fiye ili\u015fkin her t\u00fcrl\u00fc bilgi olarak tan\u0131mlanm\u0131\u015ft\u0131r. Buna g\u00f6re bizimle payla\u015ft\u0131\u011f\u0131n\u0131z ad\u0131n\u0131z, soyad\u0131n\u0131z, do\u011fum tarihiniz, kimlik numaran\u0131z, elektronik posta adresiniz, telefon numaran\u0131z ve benzeri bilgiler ki\u015fisel veri olarak adland\u0131r\u0131lmaktad\u0131r.<\/p>\n<p data-start=\"1320\" data-end=\"1497\">Atlas Pet, ki\u015fisel verilerinizi, Atlas Pet ile do\u011frudan payla\u015ft\u0131\u011f\u0131n\u0131z hallerde, otomatik yollarla veya \u00fc\u00e7\u00fcnc\u00fc \u015fah\u0131s platformlar\u0131 gibi ba\u015fka kaynaklar arac\u0131l\u0131\u011f\u0131yla toplamaktad\u0131r.<\/p>\n<p data-start=\"1499\" data-end=\"1560\"><strong data-start=\"1499\" data-end=\"1560\">1. Ki\u015fisel verilerinizin i\u015flenme amac\u0131 ve dayana\u011f\u0131 nedir?<\/strong><\/p>\n<p data-start=\"1562\" data-end=\"1798\">Atlas Pet ile olan \u00fcr\u00fcn ve hizmet ili\u015fkiniz dolay\u0131s\u0131yla yasal y\u00fck\u00fcml\u00fcl\u00fcklerimizi yerine getirebilmek ve sizi kampanyalar ve avantajlardan haberdar edebilmek i\u00e7in Atlas Pet ki\u015fisel bilgilerinizi toplamaktad\u0131r ve bu kapsamda i\u015flemektedir.<\/p>\n<p data-start=\"1800\" data-end=\"2193\">Bu do\u011frultuda Atlas Pet; ki\u015fisel verilerinizi, her t\u00fcrl\u00fc \u015fik\u00e2yetinizi de\u011ferlendirmek ve i\u015fleme almak, \u00f6demelerinizi i\u015fleme almak, \u00fcr\u00fcnlerimizi, hizmetlerimizi, ileti\u015fim y\u00f6ntemlerimizi ve internet sitelerimizin i\u015flevselli\u011fini geli\u015ftirmek ve sizin i\u00e7in ki\u015fiselle\u015ftirilmi\u015f \u00fcr\u00fcnler, ileti\u015fim i\u00e7erikleri ve hedefe y\u00f6nelik reklamlar ve ayr\u0131ca \u00fcr\u00fcn tavsiyeleri sunmak i\u00e7in toplamakta ve i\u015flemektedir.<\/p>\n<p data-start=\"2195\" data-end=\"2566\">Yukar\u0131da say\u0131lan ama\u00e7lar do\u011frultusunda Atlas Pet, ki\u015fisel verilerinizi, a\u00e7\u0131k r\u0131zan\u0131za istinaden, veya sizinle yapt\u0131\u011f\u0131m\u0131z s\u00f6zle\u015fmenin kurulmas\u0131 veya ifas\u0131yla do\u011frudan do\u011fruya ilgili olmas\u0131 halinde veya temel hak ve \u00f6zg\u00fcrl\u00fcklerinize zarar vermemek kayd\u0131yla me\u015fru menfaatimizin gerektirdi\u011fi hallerde, burada belirtilen ama\u00e7lar ve kapsam dahilinde i\u015flemekte ve saklamaktad\u0131r.<\/p>\n<p data-start=\"2568\" data-end=\"2630\"><strong data-start=\"2568\" data-end=\"2630\">2. Ki\u015fisel verilerinizi hangi ama\u00e7la, kimlere aktar\u0131yoruz?<\/strong><\/p>\n<p data-start=\"2632\" data-end=\"3493\">Ki\u015fisel verileriniz Atlas Pet hissedarlar\u0131yla, do\u011frudan\/dolayl\u0131 yurti\u00e7i\/yurtd\u0131\u015f\u0131 i\u015ftiraklerimizle, i\u015f ili\u015fkisinin devam\u0131 esnas\u0131nda birlikte bizi temsil eden ve\/veya faaliyetlerimizi y\u00fcr\u00fctebilmek i\u00e7in i\u015fbirli\u011fi yapt\u0131\u011f\u0131m\u0131z i\u015f orta\u011f\u0131m\u0131z olan yurti\u00e7i\/yurtd\u0131\u015f\u0131 ki\u015fi ve kurumlarla (kargo, g\u00f6nderi, \u00e7a\u011fr\u0131 merkezi, veri taban\u0131, bulut vb. hizmetleri sunan \u015firketlerle) payla\u015f\u0131labilmektedir. Ayr\u0131ca, yasal y\u00fck\u00fcml\u00fcl\u00fcklerimiz nedeniyle ve bunlarla s\u0131n\u0131rl\u0131 olmak \u00fczere mahkemeler ve di\u011fer kamu kurumlar\u0131 ile ki\u015fisel veriler payla\u015f\u0131lmaktad\u0131r. Ayr\u0131ca, Atlas Pet\u2019in internet sitelerini ziyaretinize ili\u015fkin ki\u015fisel verilerinizi ve gezinme bilgileriniz gibi trafik bilgilerinizi; g\u00fcvenli\u011finiz ve Atlas Pet\u2019le ilgili mevzuat kapsam\u0131ndaki y\u00fck\u00fcml\u00fcl\u00fcklerinin ifas\u0131 amac\u0131yla yasal olarak bu bilgileri kanunen talep etmeye yetkili olan kamu kurum ve kurulu\u015flar\u0131 ile payla\u015fabilecektir.<\/p>\n<p data-start=\"3495\" data-end=\"3540\"><strong data-start=\"3495\" data-end=\"3540\">3. Ki\u015fisel verilerinizi nas\u0131l sakl\u0131yoruz?<\/strong><\/p>\n<p data-start=\"3542\" data-end=\"3899\">\u015eirketimiz ile payla\u015f\u0131lan ki\u015fisel verileriniz Atlas Pet\u2019in yurti\u00e7i\/yurtd\u0131\u015f\u0131 g\u00fcvenli sunucular\u0131nda ilgili yasal d\u00fczenlemelere, KVKK h\u00fck\u00fcmlerine ve Atlas Pet standartlar\u0131na uygun olarak saklanmaktad\u0131r. Bu kapsamda Atlas Pet, ki\u015fisel verilerinizin g\u00fcvenli\u011fini sa\u011flamak ad\u0131na yasal mevzuat ile belirlenen gerekli teknik ve idari g\u00fcvenlik \u00f6nlemlerini almaktad\u0131r.<\/p>\n<p data-start=\"3901\" data-end=\"3957\"><strong data-start=\"3901\" data-end=\"3957\">4. Ki\u015fisel verilerinizi ne kadar s\u00fcre ile tutuyoruz?<\/strong><\/p>\n<p data-start=\"3959\" data-end=\"4252\">KVKK Madde 7\/f.1. h\u00fckm\u00fc uyar\u0131nca, ki\u015fisel verilerinizin i\u015flenmesi gerektiren ama\u00e7 ortadan kalkt\u0131\u011f\u0131nda ve\/veya ilgili mevzuat uyar\u0131nca verilerinizi saklamakla y\u00fck\u00fcml\u00fc k\u0131l\u0131nd\u0131\u011f\u0131m\u0131z yasal s\u00fcreler doldu\u011funda, ki\u015fisel verileriniz taraf\u0131m\u0131zca silinecek, yok edilecek veya anonim hale getirilecektir.<\/p>\n<p data-start=\"4254\" data-end=\"4327\"><strong data-start=\"4254\" data-end=\"4327\">5. Ki\u015fisel Verilerin Korunmas\u0131 Kanunu\u2019ndan do\u011fan haklar\u0131n\u0131z nelerdir?<\/strong><\/p>\n<p data-start=\"4329\" data-end=\"4448\">KVKK Madde 11 uyar\u0131nca, ki\u015fisel verilerinizin i\u015flendi\u011fi Atlas Pet taraf\u0131ndan veri sorumlusu s\u0131fat\u0131 ile i\u015fledi\u011fi \u00f6l\u00e7\u00fcde;<\/p>\n<ul data-start=\"4450\" data-end=\"5376\">\n<li data-start=\"4450\" data-end=\"4515\">\n<p data-start=\"4452\" data-end=\"4515\">herhangi bir ki\u015fisel verinizin i\u015flenip i\u015flenmedi\u011fini \u00f6\u011frenme;<\/p>\n<\/li>\n<li data-start=\"4516\" data-end=\"4597\">\n<p data-start=\"4518\" data-end=\"4597\">ki\u015fisel verilerinizin i\u015flenme faaliyetlerine ili\u015fkin olarak bilgi talep etme;<\/p>\n<\/li>\n<li data-start=\"4598\" data-end=\"4651\">\n<p data-start=\"4600\" data-end=\"4651\">ki\u015fisel verilerinizin i\u015flenme ama\u00e7lar\u0131n\u0131 \u00f6\u011frenme;<\/p>\n<\/li>\n<li data-start=\"4652\" data-end=\"4768\">\n<p data-start=\"4654\" data-end=\"4768\">ki\u015fisel verilerin yurt i\u00e7inde veya yurt d\u0131\u015f\u0131nda \u00fc\u00e7\u00fcnc\u00fc ki\u015filere aktar\u0131lm\u0131\u015f olmas\u0131 durumunda bu ki\u015fileri \u00f6\u011frenme;<\/p>\n<\/li>\n<li data-start=\"4769\" data-end=\"4864\">\n<p data-start=\"4771\" data-end=\"4864\">ki\u015fisel verilerin eksik veya yanl\u0131\u015f i\u015flenmi\u015f olmas\u0131 halinde bunlar\u0131n d\u00fczeltilmesini isteme;<\/p>\n<\/li>\n<li data-start=\"4865\" data-end=\"5003\">\n<p data-start=\"4867\" data-end=\"5003\">ki\u015fisel verilerin i\u015flenmesini gerektiren sebeplerin ortadan kalkmas\u0131 halinde ki\u015fisel verilerin silinmesini veya yok edilmesini isteme;<\/p>\n<\/li>\n<li data-start=\"5004\" data-end=\"5100\">\n<p data-start=\"5006\" data-end=\"5100\">silme ve d\u00fczeltme i\u015flemlerinin, verilerin aktar\u0131ld\u0131\u011f\u0131n\u0131 \u00fc\u00e7\u00fcnc\u00fc ki\u015filere bildirilmesi isteme;<\/p>\n<\/li>\n<li data-start=\"5101\" data-end=\"5223\">\n<p data-start=\"5103\" data-end=\"5223\">ki\u015fisel verilerin otomatik sistemler vas\u0131tas\u0131yla i\u015flenmesi sonucu ortaya \u00e7\u0131kabilecek aleyhte sonu\u00e7lara itiraz etme; ve<\/p>\n<\/li>\n<li data-start=\"5224\" data-end=\"5376\">\n<p data-start=\"5226\" data-end=\"5376\">ki\u015fisel verilerinizin kanuna ayk\u0131r\u0131 bir \u015fekilde i\u015flenmesi sebebiyle zarara u\u011framan\u0131z halinde bu zarar\u0131n tazmin edilmesini isteme hakk\u0131na sahipsiniz.<\/p>\n<\/li>\n<\/ul>\n<p data-start=\"5378\" data-end=\"5500\">Ba\u015fvurunuzda yer alan talepleriniz, talebin niteli\u011fine g\u00f6re en k\u0131sa s\u00fcrede ve en ge\u00e7 otuz g\u00fcn i\u00e7inde sonu\u00e7land\u0131r\u0131lacakt\u0131r.<\/p>\n<p data-start=\"5502\" data-end=\"5610\"><strong data-start=\"5502\" data-end=\"5610\">6. Taraf\u0131m\u0131za bildirmi\u015f oldu\u011funuz ki\u015fisel verilerinize ili\u015fkin haklar\u0131n\u0131z\u0131 ne \u015fekilde kullanabilirsiniz?<\/strong><\/p>\n<p data-start=\"5612\" data-end=\"5876\">KVKK Madde 11\u2019de yer alan ve yukar\u0131da say\u0131lan haklar\u0131n\u0131z\u0131<br data-start=\"5669\" data-end=\"5672\" \/>(i) https:\/\/www.bestpet.com.tr\/iletisim\/ adresindeki form arac\u0131l\u0131\u011f\u0131yla veya<br data-start=\"5748\" data-end=\"5751\" \/>(ii) Atlas Pet ileti\u015fim hatt\u0131 +90 212 807 0140 &#8216;\u0131 arayarak ve bahse konu \u0130leti\u015fim Formunu doldurarak kullanabilirsiniz.<\/p>\n<p><!-- \/wp:post-content --><\/p>\n<p><!-- \/wp:paragraph --><\/p>\n<p><!-- \/wp:paragraph --><\/p>\n<p><!-- \/wp:paragraph --><\/p>\n<\/div><\/div><\/div><\/div><\/div><!-- \/wp:freeform -->","protected":false},"excerpt":{"rendered":"","protected":false},"author":1,"featured_media":0,"parent":0,"menu_order":0,"comment_status":"closed","ping_status":"closed","template":"","meta":{"_acf_changed":false,"footnotes":""},"class_list":["post-3268","page","type-page","status-publish","hentry"],"acf":[],"yoast_head":"<!-- This site is optimized with the Yoast SEO plugin v27.3 - https:\/\/yoast.com\/product\/yoast-seo-wordpress\/ -->\n<title>Ki\u015fisel Verilerin Korunmas\u0131 Kanunu - Prochoice<\/title>\n<meta name=\"robots\" content=\"index, follow, max-snippet:-1, max-image-preview:large, max-video-preview:-1\" \/>\n<link rel=\"canonical\" href=\"https:\/\/www.prochoice.com.tr\/?page_id=3268\" \/>\n<meta property=\"og:locale\" content=\"tr_TR\" \/>\n<meta property=\"og:type\" content=\"article\" \/>\n<meta property=\"og:title\" content=\"Ki\u015fisel Verilerin Korunmas\u0131 Kanunu - Prochoice\" \/>\n<meta property=\"og:url\" content=\"https:\/\/www.prochoice.com.tr\/?page_id=3268\" \/>\n<meta property=\"og:site_name\" content=\"Prochoice\" \/>\n<meta property=\"article:publisher\" content=\"https:\/\/www.facebook.com\/prochoicepetfood\/\" \/>\n<meta property=\"article:modified_time\" content=\"2025-06-09T18:05:20+00:00\" \/>\n<meta name=\"twitter:card\" content=\"summary_large_image\" \/>\n<meta name=\"twitter:label1\" content=\"Tahmini okuma s\u00fcresi\" \/>\n\t<meta name=\"twitter:data1\" content=\"6 dakika\" \/>\n<script type=\"application\/ld+json\" class=\"yoast-schema-graph\">{\"@context\":\"https:\\\/\\\/schema.org\",\"@graph\":[{\"@type\":\"WebPage\",\"@id\":\"https:\\\/\\\/www.prochoice.com.tr\\\/?page_id=3268\",\"url\":\"https:\\\/\\\/www.prochoice.com.tr\\\/?page_id=3268\",\"name\":\"Ki\u015fisel Verilerin Korunmas\u0131 Kanunu - Prochoice\",\"isPartOf\":{\"@id\":\"https:\\\/\\\/www.prochoice.com.tr\\\/#website\"},\"datePublished\":\"2025-06-09T17:59:31+00:00\",\"dateModified\":\"2025-06-09T18:05:20+00:00\",\"breadcrumb\":{\"@id\":\"https:\\\/\\\/www.prochoice.com.tr\\\/?page_id=3268#breadcrumb\"},\"inLanguage\":\"tr\",\"potentialAction\":[{\"@type\":\"ReadAction\",\"target\":[\"https:\\\/\\\/www.prochoice.com.tr\\\/?page_id=3268\"]}]},{\"@type\":\"BreadcrumbList\",\"@id\":\"https:\\\/\\\/www.prochoice.com.tr\\\/?page_id=3268#breadcrumb\",\"itemListElement\":[{\"@type\":\"ListItem\",\"position\":1,\"name\":\"Anasayfa\",\"item\":\"https:\\\/\\\/www.prochoice.com.tr\\\/\"},{\"@type\":\"ListItem\",\"position\":2,\"name\":\"Ki\u015fisel Verilerin Korunmas\u0131 Kanunu\"}]},{\"@type\":\"WebSite\",\"@id\":\"https:\\\/\\\/www.prochoice.com.tr\\\/#website\",\"url\":\"https:\\\/\\\/www.prochoice.com.tr\\\/\",\"name\":\"Prochoice - Professional's Choice\",\"description\":\"Professional's Choice\",\"publisher\":{\"@id\":\"https:\\\/\\\/www.prochoice.com.tr\\\/#organization\"},\"potentialAction\":[{\"@type\":\"SearchAction\",\"target\":{\"@type\":\"EntryPoint\",\"urlTemplate\":\"https:\\\/\\\/www.prochoice.com.tr\\\/?s={search_term_string}\"},\"query-input\":{\"@type\":\"PropertyValueSpecification\",\"valueRequired\":true,\"valueName\":\"search_term_string\"}}],\"inLanguage\":\"tr\"},{\"@type\":\"Organization\",\"@id\":\"https:\\\/\\\/www.prochoice.com.tr\\\/#organization\",\"name\":\"Prochoice\",\"url\":\"https:\\\/\\\/www.prochoice.com.tr\\\/\",\"logo\":{\"@type\":\"ImageObject\",\"inLanguage\":\"tr\",\"@id\":\"https:\\\/\\\/www.prochoice.com.tr\\\/#\\\/schema\\\/logo\\\/image\\\/\",\"url\":\"https:\\\/\\\/www.prochoice.com.tr\\\/wp-content\\\/uploads\\\/2025\\\/07\\\/prochoice-logo-25.png\",\"contentUrl\":\"https:\\\/\\\/www.prochoice.com.tr\\\/wp-content\\\/uploads\\\/2025\\\/07\\\/prochoice-logo-25.png\",\"width\":201,\"height\":50,\"caption\":\"Prochoice\"},\"image\":{\"@id\":\"https:\\\/\\\/www.prochoice.com.tr\\\/#\\\/schema\\\/logo\\\/image\\\/\"},\"sameAs\":[\"https:\\\/\\\/www.facebook.com\\\/prochoicepetfood\\\/\",\"https:\\\/\\\/www.instagram.com\\\/prochoicepetfood\\\/\"]}]}<\/script>\n<!-- \/ Yoast SEO plugin. -->","yoast_head_json":{"title":"Ki\u015fisel Verilerin Korunmas\u0131 Kanunu - Prochoice","robots":{"index":"index","follow":"follow","max-snippet":"max-snippet:-1","max-image-preview":"max-image-preview:large","max-video-preview":"max-video-preview:-1"},"canonical":"https:\/\/www.prochoice.com.tr\/?page_id=3268","og_locale":"tr_TR","og_type":"article","og_title":"Ki\u015fisel Verilerin Korunmas\u0131 Kanunu - Prochoice","og_url":"https:\/\/www.prochoice.com.tr\/?page_id=3268","og_site_name":"Prochoice","article_publisher":"https:\/\/www.facebook.com\/prochoicepetfood\/","article_modified_time":"2025-06-09T18:05:20+00:00","twitter_card":"summary_large_image","twitter_misc":{"Tahmini okuma s\u00fcresi":"6 dakika"},"schema":{"@context":"https:\/\/schema.org","@graph":[{"@type":"WebPage","@id":"https:\/\/www.prochoice.com.tr\/?page_id=3268","url":"https:\/\/www.prochoice.com.tr\/?page_id=3268","name":"Ki\u015fisel Verilerin Korunmas\u0131 Kanunu - Prochoice","isPartOf":{"@id":"https:\/\/www.prochoice.com.tr\/#website"},"datePublished":"2025-06-09T17:59:31+00:00","dateModified":"2025-06-09T18:05:20+00:00","breadcrumb":{"@id":"https:\/\/www.prochoice.com.tr\/?page_id=3268#breadcrumb"},"inLanguage":"tr","potentialAction":[{"@type":"ReadAction","target":["https:\/\/www.prochoice.com.tr\/?page_id=3268"]}]},{"@type":"BreadcrumbList","@id":"https:\/\/www.prochoice.com.tr\/?page_id=3268#breadcrumb","itemListElement":[{"@type":"ListItem","position":1,"name":"Anasayfa","item":"https:\/\/www.prochoice.com.tr\/"},{"@type":"ListItem","position":2,"name":"Ki\u015fisel Verilerin Korunmas\u0131 Kanunu"}]},{"@type":"WebSite","@id":"https:\/\/www.prochoice.com.tr\/#website","url":"https:\/\/www.prochoice.com.tr\/","name":"Prochoice - Professional's Choice","description":"Professional's Choice","publisher":{"@id":"https:\/\/www.prochoice.com.tr\/#organization"},"potentialAction":[{"@type":"SearchAction","target":{"@type":"EntryPoint","urlTemplate":"https:\/\/www.prochoice.com.tr\/?s={search_term_string}"},"query-input":{"@type":"PropertyValueSpecification","valueRequired":true,"valueName":"search_term_string"}}],"inLanguage":"tr"},{"@type":"Organization","@id":"https:\/\/www.prochoice.com.tr\/#organization","name":"Prochoice","url":"https:\/\/www.prochoice.com.tr\/","logo":{"@type":"ImageObject","inLanguage":"tr","@id":"https:\/\/www.prochoice.com.tr\/#\/schema\/logo\/image\/","url":"https:\/\/www.prochoice.com.tr\/wp-content\/uploads\/2025\/07\/prochoice-logo-25.png","contentUrl":"https:\/\/www.prochoice.com.tr\/wp-content\/uploads\/2025\/07\/prochoice-logo-25.png","width":201,"height":50,"caption":"Prochoice"},"image":{"@id":"https:\/\/www.prochoice.com.tr\/#\/schema\/logo\/image\/"},"sameAs":["https:\/\/www.facebook.com\/prochoicepetfood\/","https:\/\/www.instagram.com\/prochoicepetfood\/"]}]}},"_links":{"self":[{"href":"https:\/\/www.prochoice.com.tr\/index.php?rest_route=\/wp\/v2\/pages\/3268","targetHints":{"allow":["GET"]}}],"collection":[{"href":"https:\/\/www.prochoice.com.tr\/index.php?rest_route=\/wp\/v2\/pages"}],"about":[{"href":"https:\/\/www.prochoice.com.tr\/index.php?rest_route=\/wp\/v2\/types\/page"}],"author":[{"embeddable":true,"href":"https:\/\/www.prochoice.com.tr\/index.php?rest_route=\/wp\/v2\/users\/1"}],"replies":[{"embeddable":true,"href":"https:\/\/www.prochoice.com.tr\/index.php?rest_route=%2Fwp%2Fv2%2Fcomments&post=3268"}],"version-history":[{"count":2,"href":"https:\/\/www.prochoice.com.tr\/index.php?rest_route=\/wp\/v2\/pages\/3268\/revisions"}],"predecessor-version":[{"id":3270,"href":"https:\/\/www.prochoice.com.tr\/index.php?rest_route=\/wp\/v2\/pages\/3268\/revisions\/3270"}],"wp:attachment":[{"href":"https:\/\/www.prochoice.com.tr\/index.php?rest_route=%2Fwp%2Fv2%2Fmedia&parent=3268"}],"curies":[{"name":"wp","href":"https:\/\/api.w.org\/{rel}","templated":true}]}}